{"id":240,"date":"2022-10-21T09:43:52","date_gmt":"2022-10-21T01:43:52","guid":{"rendered":"https:\/\/antuai.com\/?page_id=240"},"modified":"2022-12-21T09:56:41","modified_gmt":"2022-12-21T01:56:41","slug":"about-us","status":"publish","type":"page","link":"https:\/\/www.antuai.com\/espanol\/sobre-nosotros\/","title":{"rendered":"sobre nosotros"},"content":{"rendered":"<p>Hefei Antu Intelligent Equipment Co., Ltd. es una empresa incubada por el Instituto de Tecnolog\u00eda Avanzada de la Universidad de Ciencia y Tecnolog\u00eda de China. Es una empresa de tecnolog\u00eda innovadora que se especializa en la investigaci\u00f3n de tecnolog\u00eda de seguridad p\u00fablica y seguridad vial y el desarrollo y producci\u00f3n de equipos de prueba de seguridad vial. La empresa cuenta con un grupo de cuadros senior de I+D j\u00f3venes y de mediana edad de la Universidad de Ciencia y Tecnolog\u00eda, Instituto de Estudios Avanzados de West Lake y se dedican a la investigaci\u00f3n de tecnolog\u00eda de seguridad vial, dise\u00f1o de productos integrados, electromec\u00e1nica \u00f3ptica e investigaci\u00f3n de tecnolog\u00eda de aplicaciones inform\u00e1ticas. M\u00e1s de 10 a\u00f1os de experiencia y ocupaci\u00f3n en el campo de Gerente de equipos de detecci\u00f3n inteligente. Los principales productos actuales de la compa\u00f1\u00eda incluyen el probador retrorreflectante de letreros, el probador retrorreflectante de se\u00f1alizaci\u00f3n vial, el probador de espesor de marcado, el equipo de identificaci\u00f3n inteligente Vin y los robots de patrulla m\u00f3vil.<\/p>","protected":false},"excerpt":{"rendered":"<p>Hefei Antu Intelligent Equipment Co., Ltd. es una empresa incubada por el Instituto de Tecnolog\u00eda Avanzada de la Universidad de Ciencia y Tecnolog\u00eda de China. Es una empresa de tecnolog\u00eda innovadora que se especializa en la investigaci\u00f3n de tecnolog\u00eda de seguridad p\u00fablica y seguridad vial y en el desarrollo y producci\u00f3n. de equipos de prueba de seguridad vial. La empresa cuenta con un grupo de [\u2026]<\/p>","protected":false},"author":1,"featured_media":0,"parent":0,"menu_order":0,"comment_status":"closed","ping_status":"closed","template":"page\/about_us.php","meta":[],"_links":{"self":[{"href":"https:\/\/www.antuai.com\/espanol\/wp-json\/wp\/v2\/pages\/240"}],"collection":[{"href":"https:\/\/www.antuai.com\/espanol\/wp-json\/wp\/v2\/pages"}],"about":[{"href":"https:\/\/www.antuai.com\/espanol\/wp-json\/wp\/v2\/types\/page"}],"author":[{"embeddable":true,"href":"https:\/\/www.antuai.com\/espanol\/wp-json\/wp\/v2\/users\/1"}],"replies":[{"embeddable":true,"href":"https:\/\/www.antuai.com\/espanol\/wp-json\/wp\/v2\/comments?post=240"}],"version-history":[{"count":27,"href":"https:\/\/www.antuai.com\/espanol\/wp-json\/wp\/v2\/pages\/240\/revisions"}],"predecessor-version":[{"id":1565,"href":"https:\/\/www.antuai.com\/espanol\/wp-json\/wp\/v2\/pages\/240\/revisions\/1565"}],"wp:attachment":[{"href":"https:\/\/www.antuai.com\/espanol\/wp-json\/wp\/v2\/media?parent=240"}],"curies":[{"name":"wp","href":"https:\/\/api.w.org\/{rel}","templated":true}]}}